{"id":151,"date":"2023-01-06T10:26:07","date_gmt":"2023-01-06T09:26:07","guid":{"rendered":"https:\/\/klaussteinhaeuser-it.de\/wordpress\/?page_id=151"},"modified":"2023-01-07T10:56:35","modified_gmt":"2023-01-07T09:56:35","slug":"impressum-klaus-steinhaeuser","status":"publish","type":"page","link":"https:\/\/klaussteinhaeuser-it.de\/wordpress\/impressum-klaus-steinhaeuser\/","title":{"rendered":"Impressum"},"content":{"rendered":"\t\t<div data-elementor-type=\"wp-page\" data-elementor-id=\"151\" class=\"elementor elementor-151\">\n\t\t\t\t\t\t<section class=\"elementor-section elementor-top-section elementor-element elementor-element-4385f40 elementor-section-boxed elementor-section-height-default elementor-section-height-default\" data-id=\"4385f40\" data-element_type=\"section\">\n\t\t\t\t\t\t<div class=\"elementor-container elementor-column-gap-default\">\n\t\t\t\t\t<div class=\"elementor-column elementor-col-100 elementor-top-column elementor-element elementor-element-2ca29fb\" data-id=\"2ca29fb\" data-element_type=\"column\">\n\t\t\t<div class=\"elementor-widget-wrap elementor-element-populated\">\n\t\t\t\t\t\t<div class=\"elementor-element elementor-element-8b71ef1 elementor-widget elementor-widget-spacer\" data-id=\"8b71ef1\" data-element_type=\"widget\" data-widget_type=\"spacer.default\">\n\t\t\t\t<div class=\"elementor-widget-container\">\n\t\t\t<style>\/*! elementor - v3.21.0 - 26-05-2024 *\/\n.elementor-column .elementor-spacer-inner{height:var(--spacer-size)}.e-con{--container-widget-width:100%}.e-con-inner>.elementor-widget-spacer,.e-con>.elementor-widget-spacer{width:var(--container-widget-width,var(--spacer-size));--align-self:var(--container-widget-align-self,initial);--flex-shrink:0}.e-con-inner>.elementor-widget-spacer>.elementor-widget-container,.e-con>.elementor-widget-spacer>.elementor-widget-container{height:100%;width:100%}.e-con-inner>.elementor-widget-spacer>.elementor-widget-container>.elementor-spacer,.e-con>.elementor-widget-spacer>.elementor-widget-container>.elementor-spacer{height:100%}.e-con-inner>.elementor-widget-spacer>.elementor-widget-container>.elementor-spacer>.elementor-spacer-inner,.e-con>.elementor-widget-spacer>.elementor-widget-container>.elementor-spacer>.elementor-spacer-inner{height:var(--container-widget-height,var(--spacer-size))}.e-con-inner>.elementor-widget-spacer.elementor-widget-empty,.e-con>.elementor-widget-spacer.elementor-widget-empty{position:relative;min-height:22px;min-width:22px}.e-con-inner>.elementor-widget-spacer.elementor-widget-empty .elementor-widget-empty-icon,.e-con>.elementor-widget-spacer.elementor-widget-empty .elementor-widget-empty-icon{position:absolute;top:0;bottom:0;left:0;right:0;margin:auto;padding:0;width:22px;height:22px}<\/style>\t\t<div class=\"elementor-spacer\">\n\t\t\t<div class=\"elementor-spacer-inner\"><\/div>\n\t\t<\/div>\n\t\t\t\t<\/div>\n\t\t\t\t<\/div>\n\t\t\t\t<div class=\"elementor-element elementor-element-5bfea3b elementor-widget elementor-widget-text-editor\" data-id=\"5bfea3b\" data-element_type=\"widget\" data-widget_type=\"text-editor.default\">\n\t\t\t\t<div class=\"elementor-widget-container\">\n\t\t\t<style>\/*! elementor - v3.21.0 - 26-05-2024 *\/\n.elementor-widget-text-editor.elementor-drop-cap-view-stacked .elementor-drop-cap{background-color:#69727d;color:#fff}.elementor-widget-text-editor.elementor-drop-cap-view-framed .elementor-drop-cap{color:#69727d;border:3px solid;background-color:transparent}.elementor-widget-text-editor:not(.elementor-drop-cap-view-default) .elementor-drop-cap{margin-top:8px}.elementor-widget-text-editor:not(.elementor-drop-cap-view-default) .elementor-drop-cap-letter{width:1em;height:1em}.elementor-widget-text-editor .elementor-drop-cap{float:left;text-align:center;line-height:1;font-size:50px}.elementor-widget-text-editor .elementor-drop-cap-letter{display:inline-block}<\/style>\t\t\t\t<div class=\"elementor-element elementor-element-c88d325 elementor-widget elementor-widget-text-editor\" data-id=\"c88d325\" data-element_type=\"widget\" data-widget_type=\"text-editor.default\"><div class=\"elementor-widget-container\"><h1>Impressum<\/h1><\/div><\/div><div class=\"elementor-element elementor-element-632cb41 elementor-widget elementor-widget-text-editor\" data-id=\"632cb41\" data-element_type=\"widget\" data-widget_type=\"text-editor.default\"><div class=\"elementor-widget-container\"><h2 id=\"m46\">Diensteanbieter<\/h2><p>Klaus Steinh\u00e4user<\/p><p>Kapellenberg 3<\/p><p>97236 Randersacker<\/p><p>Bayern, Deutschland<\/p><h2 id=\"m56\">Kontaktm\u00f6glichkeiten<\/h2><p>E-Mail-Adresse: <a href=\"mailto:klaus.steinhaeuser@mnet-online.de\">klaus.steinhaeuser@mnet-online.de<\/a><\/p><p>Telefon: +49 (0)931 7059247<\/p><h2 id=\"m3589\">Audiovisuelle Mediendienste<\/h2><p>Sitzland: Deutschland<\/p><p>Zust\u00e4ndige Regulierungs-, bzw. Aufsichtsbeh\u00f6rde: Bayerische Landeszentrale f\u00fcr neue Medien (BLM), <a href=\"https:\/\/www.blm.de\/\" target=\"_blank\" rel=\"noopener\">https:\/\/www.blm.de\/<\/a><\/p><h2 id=\"m174\">Online-Streitbeilegung (OS)<\/h2><p>Online-Streitbeilegung: Die Europ\u00e4ische Kommission stellt eine Plattform zur Online-Streitbeilegung (OS) bereit, die Sie unter <a href=\"https:\/\/ec.europa.eu\/consumers\/odr\/\" target=\"_blank\" rel=\"noopener\">https:\/\/ec.europa.eu\/consumers\/odr\/<\/a> finden. Verbraucher haben die M\u00f6glichkeit, diese Plattform f\u00fcr die Beilegung ihrer Streitigkeiten zu nutzen.<\/p><h2 id=\"m65\">Haftungs- und Schutzrechtshinweise<\/h2><p><strong>Haftungsausschluss<\/strong>: Die Inhalte dieses Onlineangebotes wurden sorgf\u00e4ltig und nach unserem aktuellen Kenntnisstand erstellt, dienen jedoch nur der Information und entfalten keine rechtlich bindende Wirkung, sofern es sich nicht um gesetzlich verpflichtende Informationen (z.B. das Impressum, die Datenschutzerkl\u00e4rung, AGB oder verpflichtende Belehrungen von Verbrauchern) handelt. Wir behalten uns vor, die Inhalte vollst\u00e4ndig oder teilweise zu \u00e4ndern oder zu l\u00f6schen, soweit vertragliche Verpflichtungen unber\u00fchrt bleiben. Alle Angebote sind freibleibend und unverbindlich.<\/p><\/div><\/div>\t\t\t\t\t\t<\/div>\n\t\t\t\t<\/div>\n\t\t\t\t<div class=\"elementor-element elementor-element-a6a1a1b elementor-widget elementor-widget-spacer\" data-id=\"a6a1a1b\" data-element_type=\"widget\" data-widget_type=\"spacer.default\">\n\t\t\t\t<div class=\"elementor-widget-container\">\n\t\t\t\t\t<div class=\"elementor-spacer\">\n\t\t\t<div class=\"elementor-spacer-inner\"><\/div>\n\t\t<\/div>\n\t\t\t\t<\/div>\n\t\t\t\t<\/div>\n\t\t\t\t\t<\/div>\n\t\t<\/div>\n\t\t\t\t\t<\/div>\n\t\t<\/section>\n\t\t\t\t<\/div>\n\t\t","protected":false},"excerpt":{"rendered":"<p>Impressum Diensteanbieter Klaus Steinh\u00e4user Kapellenberg 3 97236 Randersacker Bayern, Deutschland Kontaktm\u00f6glichkeiten E-Mail-Adresse: klaus.steinhaeuser@mnet-online.de Telefon: +49 (0)931 7059247 Audiovisuelle Mediendienste Sitzland: Deutschland Zust\u00e4ndige Regulierungs-, bzw. Aufsichtsbeh\u00f6rde: Bayerische Landeszentrale f\u00fcr neue Medien &#8230;<\/p>\n","protected":false},"author":1,"featured_media":0,"parent":0,"menu_order":0,"comment_status":"closed","ping_status":"closed","template":"elementor_header_footer","meta":{"footnotes":""},"yoast_head":"<!-- This site is optimized with the Yoast SEO plugin v22.8 - https:\/\/yoast.com\/wordpress\/plugins\/seo\/ -->\n<title>Impressum - Klaus Steinh\u00e4user<\/title>\n<meta name=\"description\" content=\"IT-Experte - Klaus Steinh\u00e4user - Impressum - Anschrift\" \/>\n<meta name=\"robots\" content=\"index, follow, max-snippet:-1, max-image-preview:large, max-video-preview:-1\" \/>\n<link rel=\"canonical\" href=\"https:\/\/klaussteinhaeuser-it.de\/wordpress\/impressum-klaus-steinhaeuser\/\" \/>\n<meta property=\"og:locale\" content=\"de_DE\" \/>\n<meta property=\"og:type\" content=\"article\" \/>\n<meta property=\"og:title\" content=\"Impressum - Klaus Steinh\u00e4user\" \/>\n<meta property=\"og:description\" content=\"IT-Experte - Klaus Steinh\u00e4user - Impressum - Anschrift\" \/>\n<meta property=\"og:url\" content=\"https:\/\/klaussteinhaeuser-it.de\/wordpress\/impressum-klaus-steinhaeuser\/\" \/>\n<meta property=\"og:site_name\" content=\"Klaus Steinh\u00e4user\" \/>\n<meta property=\"article:modified_time\" content=\"2023-01-07T09:56:35+00:00\" \/>\n<meta name=\"twitter:card\" content=\"summary_large_image\" \/>\n<meta name=\"twitter:label1\" content=\"Gesch\u00e4tzte Lesezeit\" \/>\n\t<meta name=\"twitter:data1\" content=\"2\u00a0Minuten\" \/>\n<script type=\"application\/ld+json\" class=\"yoast-schema-graph\">{\"@context\":\"https:\/\/schema.org\",\"@graph\":[{\"@type\":\"WebPage\",\"@id\":\"https:\/\/klaussteinhaeuser-it.de\/wordpress\/impressum-klaus-steinhaeuser\/\",\"url\":\"https:\/\/klaussteinhaeuser-it.de\/wordpress\/impressum-klaus-steinhaeuser\/\",\"name\":\"Impressum - Klaus Steinh\u00e4user\",\"isPartOf\":{\"@id\":\"https:\/\/klaussteinhaeuser-it.de\/wordpress\/#website\"},\"datePublished\":\"2023-01-06T09:26:07+00:00\",\"dateModified\":\"2023-01-07T09:56:35+00:00\",\"description\":\"IT-Experte - Klaus Steinh\u00e4user - Impressum - Anschrift\",\"breadcrumb\":{\"@id\":\"https:\/\/klaussteinhaeuser-it.de\/wordpress\/impressum-klaus-steinhaeuser\/#breadcrumb\"},\"inLanguage\":\"de\",\"potentialAction\":[{\"@type\":\"ReadAction\",\"target\":[\"https:\/\/klaussteinhaeuser-it.de\/wordpress\/impressum-klaus-steinhaeuser\/\"]}]},{\"@type\":\"BreadcrumbList\",\"@id\":\"https:\/\/klaussteinhaeuser-it.de\/wordpress\/impressum-klaus-steinhaeuser\/#breadcrumb\",\"itemListElement\":[{\"@type\":\"ListItem\",\"position\":1,\"name\":\"Startseite\",\"item\":\"https:\/\/klaussteinhaeuser-it.de\/wordpress\/\"},{\"@type\":\"ListItem\",\"position\":2,\"name\":\"Impressum\"}]},{\"@type\":\"WebSite\",\"@id\":\"https:\/\/klaussteinhaeuser-it.de\/wordpress\/#website\",\"url\":\"https:\/\/klaussteinhaeuser-it.de\/wordpress\/\",\"name\":\"Klaus Steinh\u00e4user\",\"description\":\"IT Experte - Beratungst\u00e4tigkeit\",\"potentialAction\":[{\"@type\":\"SearchAction\",\"target\":{\"@type\":\"EntryPoint\",\"urlTemplate\":\"https:\/\/klaussteinhaeuser-it.de\/wordpress\/?s={search_term_string}\"},\"query-input\":\"required name=search_term_string\"}],\"inLanguage\":\"de\"}]}<\/script>\n<!-- \/ Yoast SEO plugin. -->","yoast_head_json":{"title":"Impressum - Klaus Steinh\u00e4user","description":"IT-Experte - Klaus Steinh\u00e4user - Impressum - Anschrift","robots":{"index":"index","follow":"follow","max-snippet":"max-snippet:-1","max-image-preview":"max-image-preview:large","max-video-preview":"max-video-preview:-1"},"canonical":"https:\/\/klaussteinhaeuser-it.de\/wordpress\/impressum-klaus-steinhaeuser\/","og_locale":"de_DE","og_type":"article","og_title":"Impressum - Klaus Steinh\u00e4user","og_description":"IT-Experte - Klaus Steinh\u00e4user - Impressum - Anschrift","og_url":"https:\/\/klaussteinhaeuser-it.de\/wordpress\/impressum-klaus-steinhaeuser\/","og_site_name":"Klaus Steinh\u00e4user","article_modified_time":"2023-01-07T09:56:35+00:00","twitter_card":"summary_large_image","twitter_misc":{"Gesch\u00e4tzte Lesezeit":"2\u00a0Minuten"},"schema":{"@context":"https:\/\/schema.org","@graph":[{"@type":"WebPage","@id":"https:\/\/klaussteinhaeuser-it.de\/wordpress\/impressum-klaus-steinhaeuser\/","url":"https:\/\/klaussteinhaeuser-it.de\/wordpress\/impressum-klaus-steinhaeuser\/","name":"Impressum - Klaus Steinh\u00e4user","isPartOf":{"@id":"https:\/\/klaussteinhaeuser-it.de\/wordpress\/#website"},"datePublished":"2023-01-06T09:26:07+00:00","dateModified":"2023-01-07T09:56:35+00:00","description":"IT-Experte - Klaus Steinh\u00e4user - Impressum - Anschrift","breadcrumb":{"@id":"https:\/\/klaussteinhaeuser-it.de\/wordpress\/impressum-klaus-steinhaeuser\/#breadcrumb"},"inLanguage":"de","potentialAction":[{"@type":"ReadAction","target":["https:\/\/klaussteinhaeuser-it.de\/wordpress\/impressum-klaus-steinhaeuser\/"]}]},{"@type":"BreadcrumbList","@id":"https:\/\/klaussteinhaeuser-it.de\/wordpress\/impressum-klaus-steinhaeuser\/#breadcrumb","itemListElement":[{"@type":"ListItem","position":1,"name":"Startseite","item":"https:\/\/klaussteinhaeuser-it.de\/wordpress\/"},{"@type":"ListItem","position":2,"name":"Impressum"}]},{"@type":"WebSite","@id":"https:\/\/klaussteinhaeuser-it.de\/wordpress\/#website","url":"https:\/\/klaussteinhaeuser-it.de\/wordpress\/","name":"Klaus Steinh\u00e4user","description":"IT Experte - Beratungst\u00e4tigkeit","potentialAction":[{"@type":"SearchAction","target":{"@type":"EntryPoint","urlTemplate":"https:\/\/klaussteinhaeuser-it.de\/wordpress\/?s={search_term_string}"},"query-input":"required name=search_term_string"}],"inLanguage":"de"}]}},"_links":{"self":[{"href":"https:\/\/klaussteinhaeuser-it.de\/wordpress\/wp-json\/wp\/v2\/pages\/151"}],"collection":[{"href":"https:\/\/klaussteinhaeuser-it.de\/wordpress\/wp-json\/wp\/v2\/pages"}],"about":[{"href":"https:\/\/klaussteinhaeuser-it.de\/wordpress\/wp-json\/wp\/v2\/types\/page"}],"author":[{"embeddable":true,"href":"https:\/\/klaussteinhaeuser-it.de\/wordpress\/wp-json\/wp\/v2\/users\/1"}],"replies":[{"embeddable":true,"href":"https:\/\/klaussteinhaeuser-it.de\/wordpress\/wp-json\/wp\/v2\/comments?post=151"}],"version-history":[{"count":13,"href":"https:\/\/klaussteinhaeuser-it.de\/wordpress\/wp-json\/wp\/v2\/pages\/151\/revisions"}],"predecessor-version":[{"id":187,"href":"https:\/\/klaussteinhaeuser-it.de\/wordpress\/wp-json\/wp\/v2\/pages\/151\/revisions\/187"}],"wp:attachment":[{"href":"https:\/\/klaussteinhaeuser-it.de\/wordpress\/wp-json\/wp\/v2\/media?parent=151"}],"curies":[{"name":"wp","href":"https:\/\/api.w.org\/{rel}","templated":true}]}}