{"id":37,"date":"2023-01-05T13:46:17","date_gmt":"2023-01-05T12:46:17","guid":{"rendered":"https:\/\/klaussteinhaeuser-it.de\/wordpress\/?page_id=37"},"modified":"2024-06-02T09:21:15","modified_gmt":"2024-06-02T07:21:15","slug":"referenzen","status":"publish","type":"page","link":"https:\/\/klaussteinhaeuser-it.de\/wordpress\/referenzen\/","title":{"rendered":"Referenzen"},"content":{"rendered":"\t\t<div data-elementor-type=\"wp-page\" data-elementor-id=\"37\" class=\"elementor elementor-37\">\n\t\t\t\t\t\t<section class=\"elementor-section elementor-top-section elementor-element elementor-element-6f9b225 elementor-section-boxed elementor-section-height-default elementor-section-height-default\" data-id=\"6f9b225\" data-element_type=\"section\">\n\t\t\t\t\t\t<div class=\"elementor-container elementor-column-gap-default\">\n\t\t\t\t\t<div class=\"elementor-column elementor-col-100 elementor-top-column elementor-element elementor-element-33c9928\" data-id=\"33c9928\" data-element_type=\"column\">\n\t\t\t<div class=\"elementor-widget-wrap elementor-element-populated\">\n\t\t\t\t\t\t<div class=\"elementor-element elementor-element-34fdf24 elementor-widget elementor-widget-spacer\" data-id=\"34fdf24\" data-element_type=\"widget\" data-widget_type=\"spacer.default\">\n\t\t\t\t<div class=\"elementor-widget-container\">\n\t\t\t<style>\/*! elementor - v3.21.0 - 26-05-2024 *\/\n.elementor-column .elementor-spacer-inner{height:var(--spacer-size)}.e-con{--container-widget-width:100%}.e-con-inner>.elementor-widget-spacer,.e-con>.elementor-widget-spacer{width:var(--container-widget-width,var(--spacer-size));--align-self:var(--container-widget-align-self,initial);--flex-shrink:0}.e-con-inner>.elementor-widget-spacer>.elementor-widget-container,.e-con>.elementor-widget-spacer>.elementor-widget-container{height:100%;width:100%}.e-con-inner>.elementor-widget-spacer>.elementor-widget-container>.elementor-spacer,.e-con>.elementor-widget-spacer>.elementor-widget-container>.elementor-spacer{height:100%}.e-con-inner>.elementor-widget-spacer>.elementor-widget-container>.elementor-spacer>.elementor-spacer-inner,.e-con>.elementor-widget-spacer>.elementor-widget-container>.elementor-spacer>.elementor-spacer-inner{height:var(--container-widget-height,var(--spacer-size))}.e-con-inner>.elementor-widget-spacer.elementor-widget-empty,.e-con>.elementor-widget-spacer.elementor-widget-empty{position:relative;min-height:22px;min-width:22px}.e-con-inner>.elementor-widget-spacer.elementor-widget-empty .elementor-widget-empty-icon,.e-con>.elementor-widget-spacer.elementor-widget-empty .elementor-widget-empty-icon{position:absolute;top:0;bottom:0;left:0;right:0;margin:auto;padding:0;width:22px;height:22px}<\/style>\t\t<div class=\"elementor-spacer\">\n\t\t\t<div class=\"elementor-spacer-inner\"><\/div>\n\t\t<\/div>\n\t\t\t\t<\/div>\n\t\t\t\t<\/div>\n\t\t\t\t\t<\/div>\n\t\t<\/div>\n\t\t\t\t\t<\/div>\n\t\t<\/section>\n\t\t\t\t<section class=\"elementor-section elementor-top-section elementor-element elementor-element-43c28f3b elementor-section-boxed elementor-section-height-default elementor-section-height-default\" data-id=\"43c28f3b\" data-element_type=\"section\">\n\t\t\t\t\t\t<div class=\"elementor-container elementor-column-gap-default\">\n\t\t\t\t\t<div class=\"elementor-column elementor-col-100 elementor-top-column elementor-element elementor-element-28e35667\" data-id=\"28e35667\" data-element_type=\"column\">\n\t\t\t<div class=\"elementor-widget-wrap elementor-element-populated\">\n\t\t\t\t\t\t<div class=\"elementor-element elementor-element-12ce8f24 elementor-widget elementor-widget-toggle\" data-id=\"12ce8f24\" data-element_type=\"widget\" data-widget_type=\"toggle.default\">\n\t\t\t\t<div class=\"elementor-widget-container\">\n\t\t\t<style>\/*! elementor - v3.21.0 - 26-05-2024 *\/\n.elementor-toggle{text-align:start}.elementor-toggle .elementor-tab-title{font-weight:700;line-height:1;margin:0;padding:15px;border-bottom:1px solid #d5d8dc;cursor:pointer;outline:none}.elementor-toggle .elementor-tab-title .elementor-toggle-icon{display:inline-block;width:1em}.elementor-toggle .elementor-tab-title .elementor-toggle-icon svg{margin-inline-start:-5px;width:1em;height:1em}.elementor-toggle .elementor-tab-title .elementor-toggle-icon.elementor-toggle-icon-right{float:right;text-align:right}.elementor-toggle .elementor-tab-title .elementor-toggle-icon.elementor-toggle-icon-left{float:left;text-align:left}.elementor-toggle .elementor-tab-title .elementor-toggle-icon .elementor-toggle-icon-closed{display:block}.elementor-toggle .elementor-tab-title .elementor-toggle-icon .elementor-toggle-icon-opened{display:none}.elementor-toggle .elementor-tab-title.elementor-active{border-bottom:none}.elementor-toggle .elementor-tab-title.elementor-active .elementor-toggle-icon-closed{display:none}.elementor-toggle .elementor-tab-title.elementor-active .elementor-toggle-icon-opened{display:block}.elementor-toggle .elementor-tab-content{padding:15px;border-bottom:1px solid #d5d8dc;display:none}@media (max-width:767px){.elementor-toggle .elementor-tab-title{padding:12px}.elementor-toggle .elementor-tab-content{padding:12px 10px}}.e-con-inner>.elementor-widget-toggle,.e-con>.elementor-widget-toggle{width:var(--container-widget-width);--flex-grow:var(--container-widget-flex-grow)}<\/style>\t\t<div class=\"elementor-toggle\">\n\t\t\t\t\t\t\t<div class=\"elementor-toggle-item\">\n\t\t\t\t\t<div id=\"elementor-tab-title-3151\" class=\"elementor-tab-title\" data-tab=\"1\" role=\"button\" aria-controls=\"elementor-tab-content-3151\" aria-expanded=\"false\">\n\t\t\t\t\t\t\t\t\t\t\t\t<span class=\"elementor-toggle-icon elementor-toggle-icon-left\" aria-hidden=\"true\">\n\t\t\t\t\t\t\t\t\t\t\t\t\t\t\t<span class=\"elementor-toggle-icon-closed\"><i class=\"fas fa-caret-right\"><\/i><\/span>\n\t\t\t\t\t\t\t\t<span class=\"elementor-toggle-icon-opened\"><i class=\"elementor-toggle-icon-opened fas fa-caret-up\"><\/i><\/span>\n\t\t\t\t\t\t\t\t\t\t\t\t\t<\/span>\n\t\t\t\t\t\t\t\t\t\t\t\t<a class=\"elementor-toggle-title\" tabindex=\"0\">Deutsche Rentenversicherung - W\u00fcrzburg (Externer Berater) <\/a>\n\t\t\t\t\t<\/div>\n\n\t\t\t\t\t<div id=\"elementor-tab-content-3151\" class=\"elementor-tab-content elementor-clearfix\" data-tab=\"1\" role=\"region\" aria-labelledby=\"elementor-tab-title-3151\"><p><strong>Zeitraum\u2028<\/strong><br \/>8\/2018 \u2013 offen<\/p><p><strong>T\u00e4tigkeitsbeschreibung<\/strong><br \/>Modernisierung der Rentenversicherung<\/p><p><strong>Eingesetzte Qualifikationen\u2028<\/strong><br \/>J2EE (Java EE)<\/p><\/div>\n\t\t\t\t<\/div>\n\t\t\t\t\t\t\t<div class=\"elementor-toggle-item\">\n\t\t\t\t\t<div id=\"elementor-tab-title-3152\" class=\"elementor-tab-title\" data-tab=\"2\" role=\"button\" aria-controls=\"elementor-tab-content-3152\" aria-expanded=\"false\">\n\t\t\t\t\t\t\t\t\t\t\t\t<span class=\"elementor-toggle-icon elementor-toggle-icon-left\" aria-hidden=\"true\">\n\t\t\t\t\t\t\t\t\t\t\t\t\t\t\t<span class=\"elementor-toggle-icon-closed\"><i class=\"fas fa-caret-right\"><\/i><\/span>\n\t\t\t\t\t\t\t\t<span class=\"elementor-toggle-icon-opened\"><i class=\"elementor-toggle-icon-opened fas fa-caret-up\"><\/i><\/span>\n\t\t\t\t\t\t\t\t\t\t\t\t\t<\/span>\n\t\t\t\t\t\t\t\t\t\t\t\t<a class=\"elementor-toggle-title\" tabindex=\"0\">Bundesagentur f\u00fcr Arbeit (IAB-DIM) - N\u00fcrnberg (Externer Berater)  <\/a>\n\t\t\t\t\t<\/div>\n\n\t\t\t\t\t<div id=\"elementor-tab-content-3152\" class=\"elementor-tab-content elementor-clearfix\" data-tab=\"2\" role=\"region\" aria-labelledby=\"elementor-tab-title-3152\"><p><strong>Zeitraum<\/strong><br \/>3\/2013 \u2013 2\/2018\u2028<br \/>7\/2007 \u2013 2\/2018<\/p><p><strong>T\u00e4tigkeitsbeschreibung<\/strong><br \/>Neuprogrammierung (ca. 1 Jahr) des bestehenden Metadatensystems zur\u2028automatischen Erstellung der Produkthandb\u00fccher mit anschlie\u00dfender Betreuung. Unterst\u00fctzung des Projektmanagements im IAB-DIM. Betreuung der Teamleiter. \u00dcberwachung von Ressourcen\u00fcberlastungen, sowie die komplette Administration und Konfiguration des MSProject Servers. Weitere Aufgaben waren die Konzeption und Erweiterung von Arbeitsabl\u00e4ufen innerhalb\u2028 der Abteilung mit Hilfe des Software-Tools SBM (Serena).<\/p><p><strong>Eingesetzte Qualifikationen<\/strong><br \/>Oracle WebLogic Server Enterprise Edition (EE), Hibernate (Java), J2EE (Java EE), Projektmanagement (IT), Microsoft Office Project Server.<\/p><\/div>\n\t\t\t\t<\/div>\n\t\t\t\t\t\t\t<div class=\"elementor-toggle-item\">\n\t\t\t\t\t<div id=\"elementor-tab-title-3153\" class=\"elementor-tab-title\" data-tab=\"3\" role=\"button\" aria-controls=\"elementor-tab-content-3153\" aria-expanded=\"false\">\n\t\t\t\t\t\t\t\t\t\t\t\t<span class=\"elementor-toggle-icon elementor-toggle-icon-left\" aria-hidden=\"true\">\n\t\t\t\t\t\t\t\t\t\t\t\t\t\t\t<span class=\"elementor-toggle-icon-closed\"><i class=\"fas fa-caret-right\"><\/i><\/span>\n\t\t\t\t\t\t\t\t<span class=\"elementor-toggle-icon-opened\"><i class=\"elementor-toggle-icon-opened fas fa-caret-up\"><\/i><\/span>\n\t\t\t\t\t\t\t\t\t\t\t\t\t<\/span>\n\t\t\t\t\t\t\t\t\t\t\t\t<a class=\"elementor-toggle-title\" tabindex=\"0\">IRIS Solutions GmbH sp\u00e4ter isi-ware GmbH (Inhaber & Gesch\u00e4ftsf\u00fchrer)<\/a>\n\t\t\t\t\t<\/div>\n\n\t\t\t\t\t<div id=\"elementor-tab-content-3153\" class=\"elementor-tab-content elementor-clearfix\" data-tab=\"3\" role=\"region\" aria-labelledby=\"elementor-tab-title-3153\"><p><strong>Zeitraum<\/strong><br \/>3\/2004 \u2013 offen<\/p><p><strong>T\u00e4tigkeitsbeschreibung<\/strong><br \/>Orthop\u00e4dische Klinik K\u00f6nig-Ludwig-Haus\u2028Realisierung eines datenbankbasierenden System zur \u2028Verwaltung und Bereitstellung von Dokumenten zur Einf\u00fchrung des Qualit\u00e4tsmanagement zur Zertifizierung nach DIN EN ISO 9001:2000.<br \/>Orthop\u00e4dische Klinik K\u00f6nig-Ludwig-Haus\u2028Realisierung eines Auftragsmanagementsystems zur Verwaltung und Unterst\u00fctzung der internen Auftr\u00e4ge innerhalb des Klinikbetriebes.<br \/>Orthop\u00e4dische Klinik K\u00f6nig-Ludwig-Haus\u2028Konzeption und Realisierung eines System zur anonymen Erfassung von kritischen Zwischenf\u00e4llen (CIRS Critical Incident Reporting System).<br \/>Bezirk Unterfranken Zentraleinkauf\u2028Konzeption und Realisierung einer Anwendungssoftware zur Verwaltung von Lieferanten, Artikeln, Organisationen und Umsatzzahlen und deren Auswertungen.<\/p><p><strong>Eingesetzte Qualifikationen<\/strong><br \/>mySQL, Microsoft SQL-Server (MS SQL), JDBC (Java Database Connectivity), Apache Tomcat, J2EE (Java EE)<\/p><\/div>\n\t\t\t\t<\/div>\n\t\t\t\t\t\t\t<div class=\"elementor-toggle-item\">\n\t\t\t\t\t<div id=\"elementor-tab-title-3154\" class=\"elementor-tab-title\" data-tab=\"4\" role=\"button\" aria-controls=\"elementor-tab-content-3154\" aria-expanded=\"false\">\n\t\t\t\t\t\t\t\t\t\t\t\t<span class=\"elementor-toggle-icon elementor-toggle-icon-left\" aria-hidden=\"true\">\n\t\t\t\t\t\t\t\t\t\t\t\t\t\t\t<span class=\"elementor-toggle-icon-closed\"><i class=\"fas fa-caret-right\"><\/i><\/span>\n\t\t\t\t\t\t\t\t<span class=\"elementor-toggle-icon-opened\"><i class=\"elementor-toggle-icon-opened fas fa-caret-up\"><\/i><\/span>\n\t\t\t\t\t\t\t\t\t\t\t\t\t<\/span>\n\t\t\t\t\t\t\t\t\t\t\t\t<a class=\"elementor-toggle-title\" tabindex=\"0\">Deutsche Post Global Mail GmbH TransIT - Bonn (Externer Berater) <\/a>\n\t\t\t\t\t<\/div>\n\n\t\t\t\t\t<div id=\"elementor-tab-content-3154\" class=\"elementor-tab-content elementor-clearfix\" data-tab=\"4\" role=\"region\" aria-labelledby=\"elementor-tab-title-3154\"><p><strong>Zeitraum<\/strong><br \/>2\/2003 \u2013 10\/2003<\/p><p><strong>T\u00e4tigkeitsbeschreibung<\/strong><br \/>Erstellung einer Client-Server L\u00f6sung zur Abwicklung des Auslandversands.<\/p><p><strong>Eingesetzte Qualifikationen<\/strong><br \/>JDBC (Java Database Connectivity), jboss, Java (allg.), Swing (Java)<\/p><\/div>\n\t\t\t\t<\/div>\n\t\t\t\t\t\t\t<div class=\"elementor-toggle-item\">\n\t\t\t\t\t<div id=\"elementor-tab-title-3155\" class=\"elementor-tab-title\" data-tab=\"5\" role=\"button\" aria-controls=\"elementor-tab-content-3155\" aria-expanded=\"false\">\n\t\t\t\t\t\t\t\t\t\t\t\t<span class=\"elementor-toggle-icon elementor-toggle-icon-left\" aria-hidden=\"true\">\n\t\t\t\t\t\t\t\t\t\t\t\t\t\t\t<span class=\"elementor-toggle-icon-closed\"><i class=\"fas fa-caret-right\"><\/i><\/span>\n\t\t\t\t\t\t\t\t<span class=\"elementor-toggle-icon-opened\"><i class=\"elementor-toggle-icon-opened fas fa-caret-up\"><\/i><\/span>\n\t\t\t\t\t\t\t\t\t\t\t\t\t<\/span>\n\t\t\t\t\t\t\t\t\t\t\t\t<a class=\"elementor-toggle-title\" tabindex=\"0\">Deutsche Bundespost AG - Fulda (Projektleitung)<\/a>\n\t\t\t\t\t<\/div>\n\n\t\t\t\t\t<div id=\"elementor-tab-content-3155\" class=\"elementor-tab-content elementor-clearfix\" data-tab=\"5\" role=\"region\" aria-labelledby=\"elementor-tab-title-3155\"><p><strong>Zeitraum<\/strong><br \/>1\/2001 \u2013 9\/2003<\/p><p><strong>T\u00e4tigkeitsbeschreibung<\/strong><br \/>Konzeption und Erstellung eines Prototyps (Framework) in Java f\u00fcr Web-Applikationen.\u2028Realisierung Web-Applikation CISS Mehrsprachiges Zollinformationssystem\u2028<\/p><p>Realisierung Web-Applikation PartnerStore<\/p><p><strong>Eingesetzte Qualifikationen<\/strong><br \/>Oracle Database, JDBC (Java Database Connectivity), Apache Tomcat, J2SE (Java SE)<\/p><\/div>\n\t\t\t\t<\/div>\n\t\t\t\t\t\t\t<div class=\"elementor-toggle-item\">\n\t\t\t\t\t<div id=\"elementor-tab-title-3156\" class=\"elementor-tab-title\" data-tab=\"6\" role=\"button\" aria-controls=\"elementor-tab-content-3156\" aria-expanded=\"false\">\n\t\t\t\t\t\t\t\t\t\t\t\t<span class=\"elementor-toggle-icon elementor-toggle-icon-left\" aria-hidden=\"true\">\n\t\t\t\t\t\t\t\t\t\t\t\t\t\t\t<span class=\"elementor-toggle-icon-closed\"><i class=\"fas fa-caret-right\"><\/i><\/span>\n\t\t\t\t\t\t\t\t<span class=\"elementor-toggle-icon-opened\"><i class=\"elementor-toggle-icon-opened fas fa-caret-up\"><\/i><\/span>\n\t\t\t\t\t\t\t\t\t\t\t\t\t<\/span>\n\t\t\t\t\t\t\t\t\t\t\t\t<a class=\"elementor-toggle-title\" tabindex=\"0\">Braun GmbH - Kronberg im Taunus (Projektleitung) <\/a>\n\t\t\t\t\t<\/div>\n\n\t\t\t\t\t<div id=\"elementor-tab-content-3156\" class=\"elementor-tab-content elementor-clearfix\" data-tab=\"6\" role=\"region\" aria-labelledby=\"elementor-tab-title-3156\"><p><strong>Zeitraum<\/strong><br \/>2\/1992 \u2013 12\/1993<\/p><p><strong>T\u00e4tigkeitsbeschreibung<\/strong><br \/>Werkslager Kronberg (MASCON). Erstellung eines Lagersystems mit Anbindung der Fertigung und das bestehende PPS-System \u2028Realisierung und Design der Client\/Server Konzeption\u2028.<\/p><p>Projektleitung f\u00fcr die gesamte Konzeption und Realisierung.<\/p><p><strong>Eingesetzte Qualifikationen<\/strong><br \/>Oracle Database, AIX, Cobol<\/p><\/div>\n\t\t\t\t<\/div>\n\t\t\t\t\t\t\t<div class=\"elementor-toggle-item\">\n\t\t\t\t\t<div id=\"elementor-tab-title-3157\" class=\"elementor-tab-title\" data-tab=\"7\" role=\"button\" aria-controls=\"elementor-tab-content-3157\" aria-expanded=\"false\">\n\t\t\t\t\t\t\t\t\t\t\t\t<span class=\"elementor-toggle-icon elementor-toggle-icon-left\" aria-hidden=\"true\">\n\t\t\t\t\t\t\t\t\t\t\t\t\t\t\t<span class=\"elementor-toggle-icon-closed\"><i class=\"fas fa-caret-right\"><\/i><\/span>\n\t\t\t\t\t\t\t\t<span class=\"elementor-toggle-icon-opened\"><i class=\"elementor-toggle-icon-opened fas fa-caret-up\"><\/i><\/span>\n\t\t\t\t\t\t\t\t\t\t\t\t\t<\/span>\n\t\t\t\t\t\t\t\t\t\t\t\t<a class=\"elementor-toggle-title\" tabindex=\"0\">Deutsche Bundespost AG - Darmstadt (Projektleitung)<\/a>\n\t\t\t\t\t<\/div>\n\n\t\t\t\t\t<div id=\"elementor-tab-content-3157\" class=\"elementor-tab-content elementor-clearfix\" data-tab=\"7\" role=\"region\" aria-labelledby=\"elementor-tab-title-3157\"><p><strong>Zeitraum<\/strong><br \/>4\/1990 \u2013 11\/1996<\/p><p><strong>T\u00e4tigkeitsbeschreibung<\/strong><br \/>Personaldatenverwaltung im Unternehmen DBP (DASPO)\u2028Personaldaten, Design, Systemprogrammierung und Anwendungsprogrammierung\u2028.<\/p><p>Projektleiter f\u00fcr die DV-technische Realisierung<\/p><p><strong>Eingesetzte Qualifikationen<\/strong><br \/>Oracle Database, Projektleitung \/ Teamleitung (IT), Visual C++<\/p><\/div>\n\t\t\t\t<\/div>\n\t\t\t\t\t\t\t\t<\/div>\n\t\t\t\t<\/div>\n\t\t\t\t<\/div>\n\t\t\t\t\t<\/div>\n\t\t<\/div>\n\t\t\t\t\t<\/div>\n\t\t<\/section>\n\t\t\t\t<section class=\"elementor-section elementor-top-section elementor-element elementor-element-4126e81 elementor-section-boxed elementor-section-height-default elementor-section-height-default\" data-id=\"4126e81\" data-element_type=\"section\">\n\t\t\t\t\t\t<div class=\"elementor-container elementor-column-gap-default\">\n\t\t\t\t\t<div class=\"elementor-column elementor-col-100 elementor-top-column elementor-element elementor-element-ef6728d\" data-id=\"ef6728d\" data-element_type=\"column\">\n\t\t\t<div class=\"elementor-widget-wrap elementor-element-populated\">\n\t\t\t\t\t\t<div class=\"elementor-element elementor-element-c255b60 elementor-widget elementor-widget-spacer\" data-id=\"c255b60\" data-element_type=\"widget\" data-widget_type=\"spacer.default\">\n\t\t\t\t<div class=\"elementor-widget-container\">\n\t\t\t\t\t<div class=\"elementor-spacer\">\n\t\t\t<div class=\"elementor-spacer-inner\"><\/div>\n\t\t<\/div>\n\t\t\t\t<\/div>\n\t\t\t\t<\/div>\n\t\t\t\t\t<\/div>\n\t\t<\/div>\n\t\t\t\t\t<\/div>\n\t\t<\/section>\n\t\t\t\t<\/div>\n\t\t","protected":false},"excerpt":{"rendered":"<p>Deutsche Rentenversicherung &#8211; W\u00fcrzburg (Externer Berater) Zeitraum\u20288\/2018 \u2013 offen T\u00e4tigkeitsbeschreibungModernisierung der Rentenversicherung Eingesetzte Qualifikationen\u2028J2EE (Java EE) Bundesagentur f\u00fcr Arbeit (IAB-DIM) &#8211; N\u00fcrnberg (Externer Berater) Zeitraum3\/2013 \u2013 2\/2018\u20287\/2007 \u2013 2\/2018 T\u00e4tigkeitsbeschreibungNeuprogrammierung &#8230;<\/p>\n","protected":false},"author":1,"featured_media":0,"parent":0,"menu_order":0,"comment_status":"closed","ping_status":"closed","template":"elementor_header_footer","meta":{"footnotes":""},"yoast_head":"<!-- This site is optimized with the Yoast SEO plugin v22.8 - https:\/\/yoast.com\/wordpress\/plugins\/seo\/ -->\n<title>Referenzen - Klaus Steinh\u00e4user<\/title>\n<meta name=\"description\" content=\"Alle Referenzen von Klaus Steinh\u00e4user auf einen Blick. St.Marien-Krankenhaus Siegen, Bezirk Unterfranken &amp; mehr.\" \/>\n<meta name=\"robots\" content=\"index, follow, max-snippet:-1, max-image-preview:large, max-video-preview:-1\" \/>\n<link rel=\"canonical\" href=\"https:\/\/klaussteinhaeuser-it.de\/wordpress\/referenzen\/\" \/>\n<meta property=\"og:locale\" content=\"de_DE\" \/>\n<meta property=\"og:type\" content=\"article\" \/>\n<meta property=\"og:title\" content=\"Referenzen - Klaus Steinh\u00e4user\" \/>\n<meta property=\"og:description\" content=\"Alle Referenzen von Klaus Steinh\u00e4user auf einen Blick. St.Marien-Krankenhaus Siegen, Bezirk Unterfranken &amp; mehr.\" \/>\n<meta property=\"og:url\" content=\"https:\/\/klaussteinhaeuser-it.de\/wordpress\/referenzen\/\" \/>\n<meta property=\"og:site_name\" content=\"Klaus Steinh\u00e4user\" \/>\n<meta property=\"article:modified_time\" content=\"2024-06-02T07:21:15+00:00\" \/>\n<meta name=\"twitter:card\" content=\"summary_large_image\" \/>\n<meta name=\"twitter:label1\" content=\"Gesch\u00e4tzte Lesezeit\" \/>\n\t<meta name=\"twitter:data1\" content=\"2\u00a0Minuten\" \/>\n<script type=\"application\/ld+json\" class=\"yoast-schema-graph\">{\"@context\":\"https:\/\/schema.org\",\"@graph\":[{\"@type\":\"WebPage\",\"@id\":\"https:\/\/klaussteinhaeuser-it.de\/wordpress\/referenzen\/\",\"url\":\"https:\/\/klaussteinhaeuser-it.de\/wordpress\/referenzen\/\",\"name\":\"Referenzen - Klaus Steinh\u00e4user\",\"isPartOf\":{\"@id\":\"https:\/\/klaussteinhaeuser-it.de\/wordpress\/#website\"},\"datePublished\":\"2023-01-05T12:46:17+00:00\",\"dateModified\":\"2024-06-02T07:21:15+00:00\",\"description\":\"Alle Referenzen von Klaus Steinh\u00e4user auf einen Blick. St.Marien-Krankenhaus Siegen, Bezirk Unterfranken & mehr.\",\"breadcrumb\":{\"@id\":\"https:\/\/klaussteinhaeuser-it.de\/wordpress\/referenzen\/#breadcrumb\"},\"inLanguage\":\"de\",\"potentialAction\":[{\"@type\":\"ReadAction\",\"target\":[\"https:\/\/klaussteinhaeuser-it.de\/wordpress\/referenzen\/\"]}]},{\"@type\":\"BreadcrumbList\",\"@id\":\"https:\/\/klaussteinhaeuser-it.de\/wordpress\/referenzen\/#breadcrumb\",\"itemListElement\":[{\"@type\":\"ListItem\",\"position\":1,\"name\":\"Startseite\",\"item\":\"https:\/\/klaussteinhaeuser-it.de\/wordpress\/\"},{\"@type\":\"ListItem\",\"position\":2,\"name\":\"Referenzen\"}]},{\"@type\":\"WebSite\",\"@id\":\"https:\/\/klaussteinhaeuser-it.de\/wordpress\/#website\",\"url\":\"https:\/\/klaussteinhaeuser-it.de\/wordpress\/\",\"name\":\"Klaus Steinh\u00e4user\",\"description\":\"IT Experte - Beratungst\u00e4tigkeit\",\"potentialAction\":[{\"@type\":\"SearchAction\",\"target\":{\"@type\":\"EntryPoint\",\"urlTemplate\":\"https:\/\/klaussteinhaeuser-it.de\/wordpress\/?s={search_term_string}\"},\"query-input\":\"required name=search_term_string\"}],\"inLanguage\":\"de\"}]}<\/script>\n<!-- \/ Yoast SEO plugin. -->","yoast_head_json":{"title":"Referenzen - Klaus Steinh\u00e4user","description":"Alle Referenzen von Klaus Steinh\u00e4user auf einen Blick. St.Marien-Krankenhaus Siegen, Bezirk Unterfranken & mehr.","robots":{"index":"index","follow":"follow","max-snippet":"max-snippet:-1","max-image-preview":"max-image-preview:large","max-video-preview":"max-video-preview:-1"},"canonical":"https:\/\/klaussteinhaeuser-it.de\/wordpress\/referenzen\/","og_locale":"de_DE","og_type":"article","og_title":"Referenzen - Klaus Steinh\u00e4user","og_description":"Alle Referenzen von Klaus Steinh\u00e4user auf einen Blick. St.Marien-Krankenhaus Siegen, Bezirk Unterfranken & mehr.","og_url":"https:\/\/klaussteinhaeuser-it.de\/wordpress\/referenzen\/","og_site_name":"Klaus Steinh\u00e4user","article_modified_time":"2024-06-02T07:21:15+00:00","twitter_card":"summary_large_image","twitter_misc":{"Gesch\u00e4tzte Lesezeit":"2\u00a0Minuten"},"schema":{"@context":"https:\/\/schema.org","@graph":[{"@type":"WebPage","@id":"https:\/\/klaussteinhaeuser-it.de\/wordpress\/referenzen\/","url":"https:\/\/klaussteinhaeuser-it.de\/wordpress\/referenzen\/","name":"Referenzen - Klaus Steinh\u00e4user","isPartOf":{"@id":"https:\/\/klaussteinhaeuser-it.de\/wordpress\/#website"},"datePublished":"2023-01-05T12:46:17+00:00","dateModified":"2024-06-02T07:21:15+00:00","description":"Alle Referenzen von Klaus Steinh\u00e4user auf einen Blick. St.Marien-Krankenhaus Siegen, Bezirk Unterfranken & mehr.","breadcrumb":{"@id":"https:\/\/klaussteinhaeuser-it.de\/wordpress\/referenzen\/#breadcrumb"},"inLanguage":"de","potentialAction":[{"@type":"ReadAction","target":["https:\/\/klaussteinhaeuser-it.de\/wordpress\/referenzen\/"]}]},{"@type":"BreadcrumbList","@id":"https:\/\/klaussteinhaeuser-it.de\/wordpress\/referenzen\/#breadcrumb","itemListElement":[{"@type":"ListItem","position":1,"name":"Startseite","item":"https:\/\/klaussteinhaeuser-it.de\/wordpress\/"},{"@type":"ListItem","position":2,"name":"Referenzen"}]},{"@type":"WebSite","@id":"https:\/\/klaussteinhaeuser-it.de\/wordpress\/#website","url":"https:\/\/klaussteinhaeuser-it.de\/wordpress\/","name":"Klaus Steinh\u00e4user","description":"IT Experte - Beratungst\u00e4tigkeit","potentialAction":[{"@type":"SearchAction","target":{"@type":"EntryPoint","urlTemplate":"https:\/\/klaussteinhaeuser-it.de\/wordpress\/?s={search_term_string}"},"query-input":"required name=search_term_string"}],"inLanguage":"de"}]}},"_links":{"self":[{"href":"https:\/\/klaussteinhaeuser-it.de\/wordpress\/wp-json\/wp\/v2\/pages\/37"}],"collection":[{"href":"https:\/\/klaussteinhaeuser-it.de\/wordpress\/wp-json\/wp\/v2\/pages"}],"about":[{"href":"https:\/\/klaussteinhaeuser-it.de\/wordpress\/wp-json\/wp\/v2\/types\/page"}],"author":[{"embeddable":true,"href":"https:\/\/klaussteinhaeuser-it.de\/wordpress\/wp-json\/wp\/v2\/users\/1"}],"replies":[{"embeddable":true,"href":"https:\/\/klaussteinhaeuser-it.de\/wordpress\/wp-json\/wp\/v2\/comments?post=37"}],"version-history":[{"count":33,"href":"https:\/\/klaussteinhaeuser-it.de\/wordpress\/wp-json\/wp\/v2\/pages\/37\/revisions"}],"predecessor-version":[{"id":195,"href":"https:\/\/klaussteinhaeuser-it.de\/wordpress\/wp-json\/wp\/v2\/pages\/37\/revisions\/195"}],"wp:attachment":[{"href":"https:\/\/klaussteinhaeuser-it.de\/wordpress\/wp-json\/wp\/v2\/media?parent=37"}],"curies":[{"name":"wp","href":"https:\/\/api.w.org\/{rel}","templated":true}]}}